{"id":7,"date":"2026-02-28T11:00:50","date_gmt":"2026-02-28T11:00:50","guid":{"rendered":"https:\/\/sitedetest.mathieumasante.com\/?page_id=7"},"modified":"2026-02-28T11:00:50","modified_gmt":"2026-02-28T11:00:50","slug":"page-2","status":"publish","type":"page","link":"https:\/\/sitedetest.mathieumasante.com\/index.php\/page-2\/","title":{"rendered":"Page 2"},"content":{"rendered":"\n<p>Coucou voici une seconde page.<br>Je suis \u00e9tudiant \u00e0 <a href=\"https:\/\/www.univ-paris8.fr\/\">Paris 8<\/a><br><\/p>\n","protected":false},"excerpt":{"rendered":"<p>Coucou voici une seconde page.Je suis \u00e9tudiant \u00e0 Paris 8<\/p>\n","protected":false},"author":1,"featured_media":0,"parent":0,"menu_order":0,"comment_status":"closed","ping_status":"closed","template":"","meta":{"site-sidebar-layout":"default","site-content-layout":"","ast-site-content-layout":"default","site-content-style":"default","site-sidebar-style":"default","ast-global-header-display":"","ast-banner-title-visibility":"","ast-main-header-display":"","ast-hfb-above-header-display":"","ast-hfb-below-header-display":"","ast-hfb-mobile-header-display":"","site-post-title":"","ast-breadcrumbs-content":"","ast-featured-img":"","footer-sml-layout":"","ast-disable-related-posts":"","theme-transparent-header-meta":"","adv-header-id-meta":"","stick-header-meta":"","header-above-stick-meta":"","header-main-stick-meta":"","header-below-stick-meta":"","astra-migrate-meta-layouts":"default","ast-page-background-enabled":"default","ast-page-background-meta":{"desktop":{"background-color":"var(--ast-global-color-5)","background-image":"","background-repeat":"repeat","background-position":"center center","background-size":"auto","background-attachment":"scroll","background-type":"","background-media":"","overlay-type":"","overlay-color":"","overlay-opacity":"","overlay-gradient":""},"tablet":{"background-color":"","background-image":"","background-repeat":"repeat","background-position":"center center","background-size":"auto","background-attachment":"scroll","background-type":"","background-media":"","overlay-type":"","overlay-color":"","overlay-opacity":"","overlay-gradient":""},"mobile":{"background-color":"","background-image":"","background-repeat":"repeat","background-position":"center center","background-size":"auto","background-attachment":"scroll","background-type":"","background-media":"","overlay-type":"","overlay-color":"","overlay-opacity":"","overlay-gradient":""}},"ast-content-background-meta":{"desktop":{"background-color":"var(--ast-global-color-4)","background-image":"","background-repeat":"repeat","background-position":"center center","background-size":"auto","background-attachment":"scroll","background-type":"","background-media":"","overlay-type":"","overlay-color":"","overlay-opacity":"","overlay-gradient":""},"tablet":{"background-color":"var(--ast-global-color-4)","background-image":"","background-repeat":"repeat","background-position":"center center","background-size":"auto","background-attachment":"scroll","background-type":"","background-media":"","overlay-type":"","overlay-color":"","overlay-opacity":"","overlay-gradient":""},"mobile":{"background-color":"var(--ast-global-color-4)","background-image":"","background-repeat":"repeat","background-position":"center center","background-size":"auto","background-attachment":"scroll","background-type":"","background-media":"","overlay-type":"","overlay-color":"","overlay-opacity":"","overlay-gradient":""}},"footnotes":""},"class_list":["post-7","page","type-page","status-publish","hentry"],"yoast_head":"<!-- This site is optimized with the Yoast SEO plugin v27.0 - https:\/\/yoast.com\/product\/yoast-seo-wordpress\/ -->\n<title>Page 2 - M\u00e9moire M2 - Site de test<\/title>\n<meta name=\"robots\" content=\"noindex, follow, max-snippet:-1, max-image-preview:large, max-video-preview:-1\" \/>\n<meta property=\"og:locale\" content=\"en_US\" \/>\n<meta property=\"og:type\" content=\"article\" \/>\n<meta property=\"og:title\" content=\"Page 2 - M\u00e9moire M2 - Site de test\" \/>\n<meta property=\"og:description\" content=\"Coucou voici une seconde page.Je suis \u00e9tudiant \u00e0 Paris 8\" \/>\n<meta property=\"og:url\" content=\"https:\/\/sitedetest.mathieumasante.com\/index.php\/page-2\/\" \/>\n<meta property=\"og:site_name\" content=\"M\u00e9moire M2 - Site de test\" \/>\n<meta name=\"twitter:card\" content=\"summary_large_image\" \/>\n<script type=\"application\/ld+json\" class=\"yoast-schema-graph\">{\"@context\":\"https:\/\/schema.org\",\"@graph\":[{\"@type\":\"WebPage\",\"@id\":\"https:\/\/sitedetest.mathieumasante.com\/index.php\/page-2\/\",\"url\":\"https:\/\/sitedetest.mathieumasante.com\/index.php\/page-2\/\",\"name\":\"Page 2 - M\u00e9moire M2 - Site de test\",\"isPartOf\":{\"@id\":\"https:\/\/sitedetest.mathieumasante.com\/#website\"},\"datePublished\":\"2026-02-28T11:00:50+00:00\",\"breadcrumb\":{\"@id\":\"https:\/\/sitedetest.mathieumasante.com\/index.php\/page-2\/#breadcrumb\"},\"inLanguage\":\"en-US\",\"potentialAction\":[{\"@type\":\"ReadAction\",\"target\":[\"https:\/\/sitedetest.mathieumasante.com\/index.php\/page-2\/\"]}]},{\"@type\":\"BreadcrumbList\",\"@id\":\"https:\/\/sitedetest.mathieumasante.com\/index.php\/page-2\/#breadcrumb\",\"itemListElement\":[{\"@type\":\"ListItem\",\"position\":1,\"name\":\"Home\",\"item\":\"https:\/\/sitedetest.mathieumasante.com\/\"},{\"@type\":\"ListItem\",\"position\":2,\"name\":\"Page 2\"}]},{\"@type\":\"WebSite\",\"@id\":\"https:\/\/sitedetest.mathieumasante.com\/#website\",\"url\":\"https:\/\/sitedetest.mathieumasante.com\/\",\"name\":\"M\u00e9moire M2 - Site de test\",\"description\":\"\",\"potentialAction\":[{\"@type\":\"SearchAction\",\"target\":{\"@type\":\"EntryPoint\",\"urlTemplate\":\"https:\/\/sitedetest.mathieumasante.com\/?s={search_term_string}\"},\"query-input\":{\"@type\":\"PropertyValueSpecification\",\"valueRequired\":true,\"valueName\":\"search_term_string\"}}],\"inLanguage\":\"en-US\"}]}<\/script>\n<!-- \/ Yoast SEO plugin. -->","yoast_head_json":{"title":"Page 2 - M\u00e9moire M2 - Site de test","robots":{"index":"noindex","follow":"follow","max-snippet":"max-snippet:-1","max-image-preview":"max-image-preview:large","max-video-preview":"max-video-preview:-1"},"og_locale":"en_US","og_type":"article","og_title":"Page 2 - M\u00e9moire M2 - Site de test","og_description":"Coucou voici une seconde page.Je suis \u00e9tudiant \u00e0 Paris 8","og_url":"https:\/\/sitedetest.mathieumasante.com\/index.php\/page-2\/","og_site_name":"M\u00e9moire M2 - Site de test","twitter_card":"summary_large_image","schema":{"@context":"https:\/\/schema.org","@graph":[{"@type":"WebPage","@id":"https:\/\/sitedetest.mathieumasante.com\/index.php\/page-2\/","url":"https:\/\/sitedetest.mathieumasante.com\/index.php\/page-2\/","name":"Page 2 - M\u00e9moire M2 - Site de test","isPartOf":{"@id":"https:\/\/sitedetest.mathieumasante.com\/#website"},"datePublished":"2026-02-28T11:00:50+00:00","breadcrumb":{"@id":"https:\/\/sitedetest.mathieumasante.com\/index.php\/page-2\/#breadcrumb"},"inLanguage":"en-US","potentialAction":[{"@type":"ReadAction","target":["https:\/\/sitedetest.mathieumasante.com\/index.php\/page-2\/"]}]},{"@type":"BreadcrumbList","@id":"https:\/\/sitedetest.mathieumasante.com\/index.php\/page-2\/#breadcrumb","itemListElement":[{"@type":"ListItem","position":1,"name":"Home","item":"https:\/\/sitedetest.mathieumasante.com\/"},{"@type":"ListItem","position":2,"name":"Page 2"}]},{"@type":"WebSite","@id":"https:\/\/sitedetest.mathieumasante.com\/#website","url":"https:\/\/sitedetest.mathieumasante.com\/","name":"M\u00e9moire M2 - Site de test","description":"","potentialAction":[{"@type":"SearchAction","target":{"@type":"EntryPoint","urlTemplate":"https:\/\/sitedetest.mathieumasante.com\/?s={search_term_string}"},"query-input":{"@type":"PropertyValueSpecification","valueRequired":true,"valueName":"search_term_string"}}],"inLanguage":"en-US"}]}},"_links":{"self":[{"href":"https:\/\/sitedetest.mathieumasante.com\/index.php\/wp-json\/wp\/v2\/pages\/7","targetHints":{"allow":["GET"]}}],"collection":[{"href":"https:\/\/sitedetest.mathieumasante.com\/index.php\/wp-json\/wp\/v2\/pages"}],"about":[{"href":"https:\/\/sitedetest.mathieumasante.com\/index.php\/wp-json\/wp\/v2\/types\/page"}],"author":[{"embeddable":true,"href":"https:\/\/sitedetest.mathieumasante.com\/index.php\/wp-json\/wp\/v2\/users\/1"}],"replies":[{"embeddable":true,"href":"https:\/\/sitedetest.mathieumasante.com\/index.php\/wp-json\/wp\/v2\/comments?post=7"}],"version-history":[{"count":1,"href":"https:\/\/sitedetest.mathieumasante.com\/index.php\/wp-json\/wp\/v2\/pages\/7\/revisions"}],"predecessor-version":[{"id":9,"href":"https:\/\/sitedetest.mathieumasante.com\/index.php\/wp-json\/wp\/v2\/pages\/7\/revisions\/9"}],"wp:attachment":[{"href":"https:\/\/sitedetest.mathieumasante.com\/index.php\/wp-json\/wp\/v2\/media?parent=7"}],"curies":[{"name":"wp","href":"https:\/\/api.w.org\/{rel}","templated":true}]}}